{"id":11,"date":"2025-02-09T16:24:51","date_gmt":"2025-02-09T22:24:51","guid":{"rendered":"http:\/\/cosmetologiadental.com\/?page_id=11"},"modified":"2025-02-09T16:24:51","modified_gmt":"2025-02-09T22:24:51","slug":"acerca-de-nosotros","status":"publish","type":"page","link":"https:\/\/cosmetologiadental.com\/index.php\/acerca-de-nosotros\/","title":{"rendered":"\u00bfQuienes somos?"},"content":{"rendered":"<h1>Cosmetolog\u00eda dental<\/h1>\n<p>Consultorio dental fundado en 1983, poseemos una larga trayectoria, fuimos los primeros en M\u00e9xico en ofrecer tratamientos en odontolog\u00eda est\u00e9tica o cosmetolog\u00eda dental desde finales de la d\u00e9cada de los 80&#8217;S, este es el motivo por el cual creamos y poseemos el dominio www.cosmetologiadental.com\u00a0 y como experto en la materia conocemos todas las t\u00e9cnicas de cosm\u00e9tica dental para sus dientes o muelas.<\/p>\n<p>Tiene problemas en su boca, no muerde bien porque le estorban las obturaciones o coronas, duelen sus restauraciones, se notan sus coronas falsas, su blanqueamiento s\u00f3lo duro 3 d\u00edas y los dientes ya est\u00e1n amarillos&#8230;. Nosotros resolvemos y solucionamos sus problemas.<\/p>\n<p>Usted encontrar\u00e1 puntualidad en su cita y el trato amable de un verdadero amigo. Y ser\u00e1 atendido por el titular, Dr Fidel Salda\u00f1a.<\/p>\n<p><strong>Le invitamos vea nuestros casos cl\u00ednicos reales y propios completos.<\/strong><\/p>\n","protected":false},"excerpt":{"rendered":"<p>Cosmetolog\u00eda dental Consultorio dental fundado en 1983, poseemos una larga trayectoria, fuimos los primeros en M\u00e9xico en ofrecer tratamientos en odontolog\u00eda est\u00e9tica o cosmetolog\u00eda dental desde finales de la d\u00e9cada de los 80&#8217;S, este es el motivo por el cual creamos y poseemos el dominio www.cosmetologiadental.com\u00a0 y como experto en la materia conocemos todas las <a class=\"read-more\" href=\"https:\/\/cosmetologiadental.com\/index.php\/acerca-de-nosotros\/\">Read More<\/a><\/p>\n","protected":false},"author":1,"featured_media":0,"parent":0,"menu_order":4,"comment_status":"closed","ping_status":"closed","template":"","meta":{"footnotes":""},"class_list":["post-11","page","type-page","status-publish","hentry"],"_links":{"self":[{"href":"https:\/\/cosmetologiadental.com\/index.php\/wp-json\/wp\/v2\/pages\/11"}],"collection":[{"href":"https:\/\/cosmetologiadental.com\/index.php\/wp-json\/wp\/v2\/pages"}],"about":[{"href":"https:\/\/cosmetologiadental.com\/index.php\/wp-json\/wp\/v2\/types\/page"}],"author":[{"embeddable":true,"href":"https:\/\/cosmetologiadental.com\/index.php\/wp-json\/wp\/v2\/users\/1"}],"replies":[{"embeddable":true,"href":"https:\/\/cosmetologiadental.com\/index.php\/wp-json\/wp\/v2\/comments?post=11"}],"version-history":[{"count":2,"href":"https:\/\/cosmetologiadental.com\/index.php\/wp-json\/wp\/v2\/pages\/11\/revisions"}],"predecessor-version":[{"id":35,"href":"https:\/\/cosmetologiadental.com\/index.php\/wp-json\/wp\/v2\/pages\/11\/revisions\/35"}],"wp:attachment":[{"href":"https:\/\/cosmetologiadental.com\/index.php\/wp-json\/wp\/v2\/media?parent=11"}],"curies":[{"name":"wp","href":"https:\/\/api.w.org\/{rel}","templated":true}]}}