{"id":13,"date":"2025-02-09T16:27:33","date_gmt":"2025-02-09T22:27:33","guid":{"rendered":"http:\/\/cosmetologiadental.com\/?page_id=13"},"modified":"2025-10-05T17:30:58","modified_gmt":"2025-10-05T23:30:58","slug":"nuestro-equipo","status":"publish","type":"page","link":"https:\/\/cosmetologiadental.com\/index.php\/acerca-de-nosotros\/nuestro-equipo\/","title":{"rendered":"Nuestro Equipo"},"content":{"rendered":"<h1>Dr. Fidel Salda\u00f1a<\/h1>\n<p><img loading=\"lazy\" decoding=\"async\" class=\"alignleft size-medium wp-image-405\" src=\"http:\/\/cosmetologiadental.com\/wp-content\/uploads\/2017\/04\/ADDF-PLATICA-300x225.jpg\" alt=\"\" width=\"300\" height=\"225\" srcset=\"https:\/\/cosmetologiadental.com\/wp-content\/uploads\/2017\/04\/ADDF-PLATICA-300x225.jpg 300w, https:\/\/cosmetologiadental.com\/wp-content\/uploads\/2017\/04\/ADDF-PLATICA.jpg 624w\" sizes=\"(max-width: 300px) 100vw, 300px\" \/><\/p>\n<p><img loading=\"lazy\" decoding=\"async\" class=\"alignleft\" title=\"Impartiendo pl\u00e1tica para la Asociaci\u00f3n Dental del Distrito Federal en el WTC del D.F.\" src=\"http:\/\/www.cosmetologiadental.com\/libraries\/uploaded\/general\/image\/curriculums\/fidel_saldana_platica_WTC.jpg\" alt=\"Impartiendo pl\u00e1tica para la Asociaci\u00f3n Dental del Distrito Federal en el WTC del D.F.\" width=\"369\" height=\"277\" border=\"0\" \/><\/p>\n<p>El Dr. Fidel Salda\u00f1a A. es pionero en M\u00e9xico en Cosm\u00e9tica dental, Odontolog\u00eda Est\u00e9tica o Cosmetolog\u00eda Dental.<\/p>\n<p>Esto es una peque\u00f1a parte de los cursos que ha impartido el presente a\u00f1o.<\/p>\n<p>Curso impartido a trav\u00e9s de internet para Inteligencia Dental<\/p>\n<p>Preparaci\u00f3n de carillas<\/p>\n<p><a href=\"http:\/\/www.youtube.com\/watch?v=Rp0YA0aS4l8&amp;feature=youtu.be\" target=\"_blank\" rel=\"noopener\">http:\/\/www.youtube.com\/watch?v=Rp0YA0aS4l8&amp;feature=youtu.be <\/a><\/p>\n<p>Curso impartido a trav\u00e9s de internet para Inteligencia Dental<\/p>\n<p>T\u00e9cnicas de Cementaci\u00f3n<\/p>\n<p><a href=\"http:\/\/www.youtube.com\/watch?v=Ax_vfzpgdzU&amp;feature=youtu.be\" target=\"_blank\" rel=\"noopener\">http:\/\/www.youtube.com\/watch?v=Ax_vfzpgdzU&amp;feature=youtu.be<\/a><\/p>\n<p>Curso te\u00f3rico pr\u00e1ctico organizado por inteligencia Dental, Lab Ceram, COA Internacional y Centro de Perfeccionamiento Odontol\u00f3gico.<\/p>\n<p>Impartiendo el curso de:\u00a0 Taller de carillas y mock up.<\/p>\n<p><a href=\"http:\/\/www.youtube.com\/watch?v=FcgnOvCSqaw\" target=\"_blank\" rel=\"noopener\">http:\/\/www.youtube.com\/watch?v=FcgnOvCSqaw <\/a><\/p>\n<p>Caso cl\u00ednico de coronas de porcelana libres de metal y blanqueamiento<\/p>\n<p>Es un caso cl\u00ednico propio, breve pero puede ver como se desarrollo.<\/p>\n<p><a href=\"http:\/\/www.youtube.com\/watch?v=lant2Rym0wc\" target=\"_blank\" rel=\"noopener\">http:\/\/www.youtube.com\/watch?v=lant2Rym0wc<\/a><\/p>\n<p>Impartiendo pl\u00e1tica para la Asociaci\u00f3n Dental del Distrito Federal en el WTC del D.F.Impartiendo alg\u00fan curso pr\u00e1ctico en una de tantas universidades donde ha sido invitado a participar con temas de odontolog\u00eda est\u00e9tica.<\/p>\n<p>En el link de Wikipedia le muestran trabajando en paciente impartiendo un curso pr\u00e1ctico.<\/p>\n<p><a href=\"http:\/\/es.wikipedia.org\/wiki\/Odontolog%C3%ADa_est%C3%A9tica\">http:\/\/es.wikipedia.org\/wiki\/Odontolog%C3%ADa_est\u00e9tica<\/a><\/p>\n<p>Cuando usted acude con nosotros puede tener la seguridad de acudir con alguien que tiene amplia experiencia en la materia y adem\u00e1s de que diferentes empresas dentales lo llaman como asesor para dar capacitaci\u00f3n constante a m\u00e1s odont\u00f3logos.<\/p>\n","protected":false},"excerpt":{"rendered":"<p>Dr. Fidel Salda\u00f1a El Dr. Fidel Salda\u00f1a A. es pionero en M\u00e9xico en Cosm\u00e9tica dental, Odontolog\u00eda Est\u00e9tica o Cosmetolog\u00eda Dental. Esto es una peque\u00f1a parte de los cursos que ha impartido el presente a\u00f1o. Curso impartido a trav\u00e9s de internet para Inteligencia Dental Preparaci\u00f3n de carillas http:\/\/www.youtube.com\/watch?v=Rp0YA0aS4l8&amp;feature=youtu.be Curso impartido a trav\u00e9s de internet para Inteligencia <a class=\"read-more\" href=\"https:\/\/cosmetologiadental.com\/index.php\/acerca-de-nosotros\/nuestro-equipo\/\">Read More<\/a><\/p>\n","protected":false},"author":1,"featured_media":0,"parent":11,"menu_order":0,"comment_status":"closed","ping_status":"closed","template":"","meta":{"footnotes":""},"class_list":["post-13","page","type-page","status-publish","hentry"],"_links":{"self":[{"href":"https:\/\/cosmetologiadental.com\/index.php\/wp-json\/wp\/v2\/pages\/13"}],"collection":[{"href":"https:\/\/cosmetologiadental.com\/index.php\/wp-json\/wp\/v2\/pages"}],"about":[{"href":"https:\/\/cosmetologiadental.com\/index.php\/wp-json\/wp\/v2\/types\/page"}],"author":[{"embeddable":true,"href":"https:\/\/cosmetologiadental.com\/index.php\/wp-json\/wp\/v2\/users\/1"}],"replies":[{"embeddable":true,"href":"https:\/\/cosmetologiadental.com\/index.php\/wp-json\/wp\/v2\/comments?post=13"}],"version-history":[{"count":8,"href":"https:\/\/cosmetologiadental.com\/index.php\/wp-json\/wp\/v2\/pages\/13\/revisions"}],"predecessor-version":[{"id":869,"href":"https:\/\/cosmetologiadental.com\/index.php\/wp-json\/wp\/v2\/pages\/13\/revisions\/869"}],"up":[{"embeddable":true,"href":"https:\/\/cosmetologiadental.com\/index.php\/wp-json\/wp\/v2\/pages\/11"}],"wp:attachment":[{"href":"https:\/\/cosmetologiadental.com\/index.php\/wp-json\/wp\/v2\/media?parent=13"}],"curies":[{"name":"wp","href":"https:\/\/api.w.org\/{rel}","templated":true}]}}