{"id":164,"date":"2025-02-09T16:23:59","date_gmt":"2025-02-09T22:23:59","guid":{"rendered":"http:\/\/cosmetologiadental.com\/?page_id=164"},"modified":"2025-02-09T16:23:59","modified_gmt":"2025-02-09T22:23:59","slug":"nuestros-servicios","status":"publish","type":"page","link":"https:\/\/cosmetologiadental.com\/index.php\/pagina-ejemplo\/nuestros-servicios\/","title":{"rendered":"Nuestros Servicios"},"content":{"rendered":"<p class=\"western\" lang=\"es-ES\" align=\"justify\"><span style=\"color: #262626;\">En el consultorio realizamos todas las t\u00e9cnica de cosm\u00e9tica dental, cosmolog\u00eda dental u odontolog\u00eda est\u00e9tica, como son: coronas de porcelana, coronas de porcelana sin metal, coronas de zirconio o coronas en al\u00famina.<\/span><\/p>\n<ul>\n<li>\n<p class=\"western\" lang=\"es-ES\" align=\"justify\"><span style=\"color: #262626;\"><span lang=\"es-ES\">Pr\u00f3tesis fija de porcelana sin metal<\/span><\/span><\/p>\n<\/li>\n<li>\n<p class=\"western\" lang=\"es-ES\" align=\"justify\"><span style=\"color: #262626;\">Carillas de porcelana, carillas en pol\u00edmero, carillas en cer\u00f3mero.<\/span><\/p>\n<\/li>\n<li>\n<p class=\"western\" lang=\"es-ES\" align=\"justify\"><span style=\"color: #262626;\"><span lang=\"es-ES\">Dise\u00f1o de la sonrisa con t\u00e9cnicas digitales.<\/span><\/span><\/p>\n<\/li>\n<li>\n<p class=\"western\" lang=\"es-ES\" align=\"justify\"><span style=\"color: #262626;\">Blanqueamiento dental en 1 cita, con resultados sorprendentes. Con la t\u00e9cnica original.<\/span><\/p>\n<\/li>\n<li>\n<p class=\"western\" lang=\"es-ES\" align=\"justify\"><span style=\"color: #262626;\"><span lang=\"es-ES\">Implantes dentales, para reponer un diente o todos los dientes con coronas de porcelana sin metal.<\/span><\/span><\/p>\n<\/li>\n<li>\n<p class=\"western\" lang=\"es-ES\" align=\"justify\"><span style=\"color: #262626;\">Dentaduras soportadas sobre implantes para que no se salgan o caigan.<\/span><\/p>\n<\/li>\n<li>\n<p class=\"western\" lang=\"es-ES\" align=\"justify\"><span style=\"color: #262626;\"><span lang=\"es-ES\">Pr\u00f3tesis movibles sin ganchos.<\/span><\/span><\/p>\n<\/li>\n<li>\n<p class=\"western\" lang=\"es-ES\" align=\"justify\"><span style=\"color: #262626;\">Ortodoncia con brakets invisibles. Ortodoncia diferentes tipos de brakets: met\u00e1licos, cer\u00e1micos, invisibles, autoligados, etc. <\/span><\/p>\n<\/li>\n<li>\n<p class=\"western\" lang=\"es-ES\" align=\"justify\"><span style=\"color: #262626;\">Endodoncia. Retirar o eliminar el nervio del diente<\/span><\/p>\n<\/li>\n<\/ul>\n<p class=\"western\" lang=\"es-ES\" align=\"justify\"><span style=\"color: #262626;\">Estas t\u00e9cnicas las podemos realizar en 16 porcelanas diferentes, con diferentes tecnolog\u00edas como: torno computarizado o CAD CAM, Monol\u00edtico, prensado, condensable, etc., de acuerdo a las circunstancias de cada paciente, refracci\u00f3n, translucidez, fluorescencia, estratificaci\u00f3n de color, resistencia para coronas individual o puente fijo. Conocemos y dominamos todas las tecnolog\u00edas para realizar cosm\u00e9tica dental, odontolog\u00eda est\u00e9tica o cosmetolog\u00eda dental.<\/span><\/p>\n<p class=\"western\" lang=\"es-ES\" align=\"justify\"><span style=\"color: #262626;\">Cuando entregamos o terminamos un trabajo como: una corona de porcelana, carillas, etc.\u00a0 NO AJUSTAMOS CON EL TALADRO NADA. Es decir, como lo tomamos del molde de yeso, lo colocamos en la boca y todo queda bien, color, mordida, se observa bonito, natural, no se nota postizo. NO se despegan los trabajos.<\/span><\/p>\n<p class=\"western\" lang=\"es-ES\"><span style=\"color: #262626;\"><b>\u00a1Ponga su boca en verdaderas manos expertas!<\/b><\/span><\/p>\n","protected":false},"excerpt":{"rendered":"<p>En el consultorio realizamos todas las t\u00e9cnica de cosm\u00e9tica dental, cosmolog\u00eda dental u odontolog\u00eda est\u00e9tica, como son: coronas de porcelana, coronas de porcelana sin metal, coronas de zirconio o coronas en al\u00famina. Pr\u00f3tesis fija de porcelana sin metal Carillas de porcelana, carillas en pol\u00edmero, carillas en cer\u00f3mero. Dise\u00f1o de la sonrisa con t\u00e9cnicas digitales. Blanqueamiento <a class=\"read-more\" href=\"https:\/\/cosmetologiadental.com\/index.php\/pagina-ejemplo\/nuestros-servicios\/\">Read More<\/a><\/p>\n","protected":false},"author":1,"featured_media":0,"parent":2,"menu_order":0,"comment_status":"closed","ping_status":"closed","template":"","meta":{"footnotes":""},"class_list":["post-164","page","type-page","status-publish","hentry"],"_links":{"self":[{"href":"https:\/\/cosmetologiadental.com\/index.php\/wp-json\/wp\/v2\/pages\/164"}],"collection":[{"href":"https:\/\/cosmetologiadental.com\/index.php\/wp-json\/wp\/v2\/pages"}],"about":[{"href":"https:\/\/cosmetologiadental.com\/index.php\/wp-json\/wp\/v2\/types\/page"}],"author":[{"embeddable":true,"href":"https:\/\/cosmetologiadental.com\/index.php\/wp-json\/wp\/v2\/users\/1"}],"replies":[{"embeddable":true,"href":"https:\/\/cosmetologiadental.com\/index.php\/wp-json\/wp\/v2\/comments?post=164"}],"version-history":[{"count":2,"href":"https:\/\/cosmetologiadental.com\/index.php\/wp-json\/wp\/v2\/pages\/164\/revisions"}],"predecessor-version":[{"id":228,"href":"https:\/\/cosmetologiadental.com\/index.php\/wp-json\/wp\/v2\/pages\/164\/revisions\/228"}],"up":[{"embeddable":true,"href":"https:\/\/cosmetologiadental.com\/index.php\/wp-json\/wp\/v2\/pages\/2"}],"wp:attachment":[{"href":"https:\/\/cosmetologiadental.com\/index.php\/wp-json\/wp\/v2\/media?parent=164"}],"curies":[{"name":"wp","href":"https:\/\/api.w.org\/{rel}","templated":true}]}}