{"id":175,"date":"2026-04-04T21:13:53","date_gmt":"2026-04-05T03:13:53","guid":{"rendered":"http:\/\/cosmetologiadental.com\/?page_id=175"},"modified":"2026-04-04T21:13:53","modified_gmt":"2026-04-05T03:13:53","slug":"caries-invisible","status":"publish","type":"page","link":"https:\/\/cosmetologiadental.com\/index.php\/caries-invisible\/","title":{"rendered":"Casos Cl\u00ednicos"},"content":{"rendered":"\n<p class=\"has-black-color has-text-color has-link-color has-medium-font-size wp-elements-9ea9de3557edab6b4469dff93e6affdc\"><\/p>\n\n\n\n<div class=\"wp-block-group\"><div class=\"wp-block-group__inner-container is-layout-constrained wp-block-group-is-layout-constrained\">\n<h3><span style=\"color: #3366ff;\"><strong>Caries invisible.<\/strong><\/span><\/h3>\n<p>En la actualidad se reconoce que la salud bucodental est\u00e1 estrechamente vinculada con la\u00a0<br \/>salud sist\u00e9mica. De hecho, diversas enfermedades, como la endocarditis bacteriana subaguda que afecta al coraz\u00f3n, pueden tener su origen\u00a0 en problemas bucodentales, alerta el director de la\u00a0<br \/>Facultad de Odontolog\u00eda (FO) de la UNAM, Francisco Facultad de Odontolog\u00eda (FO) de la UNAM, Francisco Javier Marichi Rodr\u00edguez. (<em>Boletin UNAM-DGCS-184. 19 Marzo 2025<\/em>)<\/p>\n<p><a href=\"https:\/\/cosmetologiadental.com\/index.php\/noticias-dentales\/\">\u00bfQu\u00e9 enfermedades me pueden ocasionar las bacterias en la boca?\u00a0\u00a0\u00a0<\/a><\/p>\n<p><iframe loading=\"lazy\" title=\"De una caries invisible a una corona de porcelana\" width=\"640\" height=\"360\" src=\"https:\/\/www.youtube.com\/embed\/0RyIHOAGVTU?feature=oembed\" frameborder=\"0\" allow=\"accelerometer; autoplay; clipboard-write; encrypted-media; gyroscope; picture-in-picture; web-share\" referrerpolicy=\"strict-origin-when-cross-origin\" allowfullscreen><\/iframe><\/p>\n<p>Los problemas en la boca inician realmente al no asistir a Limpieza Dental cada 6 meses. Al asistir a Limpieza dental, el dentista observa cada diente que le retira las manchas, cuando retira el sarro de los dientes, al ver manchas o zonas transl\u00facidas grises, te dir\u00e1 que es necesario realizar radiograf\u00edas de algun diente o realizar radiograf\u00edas de todos los dientes para detectar las caries o descartar caries.<\/p>\n<h3><strong><span style=\"color: #ff0000;\">El dentista no es caro, el descuido s\u00ed.<\/span><\/strong><\/h3>\n<p>Si inviertes en tus Limpiezas dentales, con nosotros en Cosmetolog\u00eda Dental siempre tenemos en promoci\u00f3n la Limpieza Dental a inicio de a\u00f1o y mitad del a\u00f1o. En 2025 e inicio de a\u00f1o 2026 el costo fue de $900.00 pesos. La inversi\u00f3n para conservar tu salud dental es en realidad muy baja, considerando el enorme gasto econ\u00f3mico que representa rehabilitar un molar con caries.<\/p>\n<p><iframe loading=\"lazy\" title=\"Caries Invisible HD\" width=\"640\" height=\"360\" src=\"https:\/\/www.youtube.com\/embed\/ClPnzyljZsU?feature=oembed\" frameborder=\"0\" allow=\"accelerometer; autoplay; clipboard-write; encrypted-media; gyroscope; picture-in-picture; web-share\" referrerpolicy=\"strict-origin-when-cross-origin\" allowfullscreen><\/iframe><\/p>\n<p>El \u00edndice de caries dental ha aumentado en este nuevo milenio, no ha disminuido y las estad\u00edsticas no muestran que vaya a disminuir.<\/p>\n<p>D\u00e9cada de los 80\u2019s \u00a0 92.8%<\/p>\n<p>D\u00e9cada de los 90\u2019s \u00a0 97.0%<\/p>\n<p>2000 al 2009 \u00a0 \u00a0 \u00a0 \u00a0 \u00a0 \u00a0 95.0%\u00a0<\/p>\n<p>2010 al 2019 \u00a0 \u00a0 \u00a0 \u00a0 \u00a0 \u00a0 94.6%<\/p>\n<p>2020 al 2021 \u00a0 \u00a0 \u00a0 \u00a0 \u00a0 \u00a0 88.5%<\/p>\n<p>2025 \u00a0 \u00a0 \u00a0 \u00a0 \u00a0 \u00a0 \u00a0 \u00a0 \u00a0 \u00a0 \u00a0 \u00a0 \u00a0 \u00a095.0%<\/p>\n<p>(Sistema de Vigilancia Epidemiol\u00f3gica de Patolog\u00edas bucales-SIVEPAB. 2022, 2023 2024, 2025)<\/p>\n<p><iframe loading=\"lazy\" title=\"Caries\" width=\"640\" height=\"360\" src=\"https:\/\/www.youtube.com\/embed\/zFDca5S-1gs?feature=oembed\" frameborder=\"0\" allow=\"accelerometer; autoplay; clipboard-write; encrypted-media; gyroscope; picture-in-picture; web-share\" referrerpolicy=\"strict-origin-when-cross-origin\" allowfullscreen><\/iframe><\/p>\n<p><span style=\"color: #ff0000;\"><strong>Caries Invisible.<\/strong><\/span><\/p>\n<p><span style=\"color: #000000;\">Es el nombre actual que se designo a la caries interproximal. <\/span><\/p>\n<p><span style=\"color: #000000;\">El \u00edndice de caries interproximal en 2014 se situaba en un 57%. Para el a\u00f1o 2025, este porcentaje aument\u00f3 al menos hasta un 80% en pacientes de entre 25 a 44 a\u00f1os. En personas mayores de 44 a\u00f1os, el \u00edndice de caries se eleva considerablemente, alcanzando hasta un 97%, acompa\u00f1ado de un notable incremento en la p\u00e9rdida de piezas dentales. (<em>Andrade P\u00e1ez M &amp; De la Cruz Cardoso D: Indicadores de prevalencia y de predicci\u00f3n de riesgo de caries dental. VERTIENTES Revista Especializada en Ciencias de la Salud, 17(1):61-72, 2014.)<\/em><\/span><\/p>\n<p><iframe loading=\"lazy\" title=\"Caries Invisible V2\" width=\"640\" height=\"360\" src=\"https:\/\/www.youtube.com\/embed\/1uLLJR356lQ?feature=oembed\" frameborder=\"0\" allow=\"accelerometer; autoplay; clipboard-write; encrypted-media; gyroscope; picture-in-picture; web-share\" referrerpolicy=\"strict-origin-when-cross-origin\" allowfullscreen><\/iframe><\/p>\n<h3><b>Factores que influyen en la prevalencia de caries.<\/b><\/h3>\n<p><a href=\"http:\/\/cosmetologiadental.com\/wp-content\/uploads\/2026\/04\/Desayunando-en-la-oficina.jpg\"><img loading=\"lazy\" decoding=\"async\" class=\"wp-image-1023 size-medium\" src=\"http:\/\/cosmetologiadental.com\/wp-content\/uploads\/2026\/04\/Desayunando-en-la-oficina-300x164.jpg\" alt=\"\" width=\"300\" height=\"164\" srcset=\"https:\/\/cosmetologiadental.com\/wp-content\/uploads\/2026\/04\/Desayunando-en-la-oficina-300x164.jpg 300w, https:\/\/cosmetologiadental.com\/wp-content\/uploads\/2026\/04\/Desayunando-en-la-oficina-1024x559.jpg 1024w, https:\/\/cosmetologiadental.com\/wp-content\/uploads\/2026\/04\/Desayunando-en-la-oficina-768x419.jpg 768w, https:\/\/cosmetologiadental.com\/wp-content\/uploads\/2026\/04\/Desayunando-en-la-oficina.jpg 1408w\" sizes=\"(max-width: 300px) 100vw, 300px\" \/><\/a><\/p>\n<p>La falta de cepillado dental despu\u00e9s de las comidas.<\/p>\n<p>Consumir<strong> alimentos<\/strong> altos en carbohidratos entre comidas o durante toda la jornada laboral puede convertirse en una pr\u00e1ctica com\u00fan debido a la falta de tiempo para sentarse a comer de manera organizada y para realizar el cepillado dental adecuado despu\u00e9s de cada comida.<\/p>\n<p>La ausencia del h\u00e1bito de acudir a una limpieza dental cada seis meses y permitir que el dentista eval\u00fae de manera preventiva todos los dientes y muelas para identificar posibles da\u00f1os causados por caries.<\/p>\n<h3><span style=\"color: #ff0000;\"><strong>La prevenci\u00f3n.<\/strong><\/span><\/h3>\n<div class=\"section--ib3tH\">\n<div class=\"heading--zixiM\">\n<div class=\"tool-operation-panel--CBBR6\">\n<div class=\"card--s0Wp3\">\n<div class=\"panels--H9NE_\">\n<div class=\"panel--qnBYP\">\n<div class=\"output-box--uf4HV\">\n<div class=\"result-content--vZPWP\"><span class=\"diff--UX1Av\">Es <\/span>i<span class=\"diff--UX1Av\">mpo<\/span>rt<span class=\"diff--UX1Av\">ante<\/span> <span class=\"diff--UX1Av\">cepillarse los <\/span>dientes <span class=\"diff--UX1Av\">tres<\/span> veces al d\u00eda<span class=\"diff--UX1Av\">,<\/span> <span class=\"diff--UX1Av\">de<\/span>dica<span class=\"diff--UX1Av\">ndo<\/span> al <span class=\"diff--UX1Av\">m<\/span>e<span class=\"diff--UX1Av\">n<\/span>o<span class=\"diff--UX1Av\">s<\/span> <span class=\"diff--UX1Av\">10<\/span> <span class=\"diff--UX1Av\">minutos <\/span>al <span class=\"diff--UX1Av\">cui<\/span><span class=\"diff--UX1Av\">dad<\/span>o <span class=\"diff--UX1Av\">de<\/span>nt<span class=\"diff--UX1Av\">al<\/span>. <span class=\"diff--UX1Av\">Ade<\/span><span class=\"diff--UX1Av\">m\u00e1<\/span>s<span class=\"diff--UX1Av\">,<\/span><span class=\"diff--UX1Av\"> se <\/span>r<span class=\"diff--UX1Av\">ecomienda<\/span> <span class=\"diff--UX1Av\">utilizar <\/span>una pasta dental <span class=\"diff--UX1Av\">que<\/span> <span class=\"diff--UX1Av\">contenga <\/span>fl\u00faor.<\/div>\n<\/div>\n<\/div>\n<\/div>\n<\/div>\n<\/div>\n<\/div>\n<\/div>\n<p><span class=\"diff--UX1Av\">E<\/span>s <span class=\"diff--UX1Av\">recomendable utilizar <\/span>hilo dental <span class=\"diff--UX1Av\">a<\/span>l menos una vez al d\u00eda, <span class=\"diff--UX1Av\">p<\/span><span class=\"diff--UX1Av\">r<\/span>e<span class=\"diff--UX1Av\">fe<\/span>r<span class=\"diff--UX1Av\">ibl<\/span>e<span class=\"diff--UX1Av\">m<\/span>e<span class=\"diff--UX1Av\">n<\/span><span class=\"diff--UX1Av\">t<\/span>e por la noche<span class=\"diff--UX1Av\">,<\/span> para di<span class=\"diff--UX1Av\">sminui<\/span>r <span class=\"diff--UX1Av\">e<\/span>l r<span class=\"diff--UX1Av\">iesg<\/span>o de de<span class=\"diff--UX1Av\">sa<\/span>r<span class=\"diff--UX1Av\">rol<\/span><span class=\"diff--UX1Av\">l<\/span>a<span class=\"diff--UX1Av\">r<\/span> caries interproximal<span class=\"diff--UX1Av\">es<\/span> o caries invisibles (a<span class=\"diff--UX1Av\">qu<\/span>e<span class=\"diff--UX1Av\">lla<\/span>s que <span class=\"diff--UX1Av\">no son f\u00e1cilmente visibles). Adem\u00e1s, se sugiere completar la rutina con un enjuague bucal que <\/span>contenga fl\u00faor<span class=\"diff--UX1Av\">,<\/span> <span class=\"diff--UX1Av\">idealmente <\/span>tres veces al d\u00eda.<\/p>\n<p>A<span class=\"diff--UX1Av\">c<\/span><span class=\"diff--UX1Av\">ud<\/span>ir a <span class=\"diff--UX1Av\">u<\/span><span class=\"diff--UX1Av\">na l<\/span>impieza <span class=\"diff--UX1Av\">dental <\/span>cada <span class=\"diff--UX1Av\">seis<\/span> meses y que el dentista <span class=\"diff--UX1Av\">realice <\/span>la revisi\u00f3n <span class=\"diff--UX1Av\">peri\u00f3dica <\/span>de los dientes.<\/p>\n<\/div><\/div>\n\n\n\n<p class=\"has-medium-font-size\"><\/p>\n","protected":false},"excerpt":{"rendered":"<p>Caries invisible. En la actualidad se reconoce que la salud bucodental est\u00e1 estrechamente vinculada con la\u00a0salud sist\u00e9mica. De hecho, diversas enfermedades, como la endocarditis bacteriana subaguda que afecta al coraz\u00f3n, pueden tener su origen\u00a0 en problemas bucodentales, alerta el director de la\u00a0Facultad de Odontolog\u00eda (FO) de la UNAM, Francisco Facultad de Odontolog\u00eda (FO) de la <a class=\"read-more\" href=\"https:\/\/cosmetologiadental.com\/index.php\/caries-invisible\/\">Read More<\/a><\/p>\n","protected":false},"author":1,"featured_media":951,"parent":0,"menu_order":0,"comment_status":"closed","ping_status":"closed","template":"","meta":{"footnotes":""},"class_list":["post-175","page","type-page","status-publish","has-post-thumbnail","hentry"],"_links":{"self":[{"href":"https:\/\/cosmetologiadental.com\/index.php\/wp-json\/wp\/v2\/pages\/175"}],"collection":[{"href":"https:\/\/cosmetologiadental.com\/index.php\/wp-json\/wp\/v2\/pages"}],"about":[{"href":"https:\/\/cosmetologiadental.com\/index.php\/wp-json\/wp\/v2\/types\/page"}],"author":[{"embeddable":true,"href":"https:\/\/cosmetologiadental.com\/index.php\/wp-json\/wp\/v2\/users\/1"}],"replies":[{"embeddable":true,"href":"https:\/\/cosmetologiadental.com\/index.php\/wp-json\/wp\/v2\/comments?post=175"}],"version-history":[{"count":115,"href":"https:\/\/cosmetologiadental.com\/index.php\/wp-json\/wp\/v2\/pages\/175\/revisions"}],"predecessor-version":[{"id":1031,"href":"https:\/\/cosmetologiadental.com\/index.php\/wp-json\/wp\/v2\/pages\/175\/revisions\/1031"}],"wp:featuredmedia":[{"embeddable":true,"href":"https:\/\/cosmetologiadental.com\/index.php\/wp-json\/wp\/v2\/media\/951"}],"wp:attachment":[{"href":"https:\/\/cosmetologiadental.com\/index.php\/wp-json\/wp\/v2\/media?parent=175"}],"curies":[{"name":"wp","href":"https:\/\/api.w.org\/{rel}","templated":true}]}}