{"id":19,"date":"2025-05-25T15:42:03","date_gmt":"2025-05-25T21:42:03","guid":{"rendered":"http:\/\/cosmetologiadental.com\/?page_id=19"},"modified":"2025-10-12T17:13:14","modified_gmt":"2025-10-12T23:13:14","slug":"noticias-dentales","status":"publish","type":"page","link":"https:\/\/cosmetologiadental.com\/index.php\/noticias-dentales\/","title":{"rendered":"Noticias"},"content":{"rendered":"<h3><span style=\"color: #3366ff;\">\u00bfQue enfermedades me pueden ocasionar<\/span><span style=\"color: #3366ff;\"> las bacterias de la boca?<\/span><\/h3>\n<p>En la boca existe una gran variedad de bacterias que pueden oscilar entre 300 y 800 tipos<\/p>\n<figure id=\"attachment_870\" aria-describedby=\"caption-attachment-870\" style=\"width: 289px\" class=\"wp-caption alignright\"><img loading=\"lazy\" decoding=\"async\" class=\" wp-image-870\" src=\"http:\/\/cosmetologiadental.com\/wp-content\/uploads\/2025\/10\/Enfermedad-periodontal-cronica-300x225.jpg\" alt=\"\" width=\"289\" height=\"217\" srcset=\"https:\/\/cosmetologiadental.com\/wp-content\/uploads\/2025\/10\/Enfermedad-periodontal-cronica-300x225.jpg 300w, https:\/\/cosmetologiadental.com\/wp-content\/uploads\/2025\/10\/Enfermedad-periodontal-cronica-1024x768.jpg 1024w, https:\/\/cosmetologiadental.com\/wp-content\/uploads\/2025\/10\/Enfermedad-periodontal-cronica-768x576.jpg 768w, https:\/\/cosmetologiadental.com\/wp-content\/uploads\/2025\/10\/Enfermedad-periodontal-cronica-1536x1152.jpg 1536w, https:\/\/cosmetologiadental.com\/wp-content\/uploads\/2025\/10\/Enfermedad-periodontal-cronica-2048x1536.jpg 2048w\" sizes=\"(max-width: 289px) 100vw, 289px\" \/><figcaption id=\"caption-attachment-870\" class=\"wp-caption-text\">La acumulaci\u00f3n de sarro genera\u00a0 \u00a0 \u00a0 \u00a0 \u00a0 \u00a0 \u00a0 enfermedad periodontal<\/figcaption><\/figure>\n<p>diferentes. Este amplio rango de microorganismos est\u00e1 relacionado con la acumulaci\u00f3n de residuos alimenticios, especialmente debido a una higiene dental deficiente, como el no cepillar los dientes tres veces al d\u00eda. La falta de cepillado propicia la formaci\u00f3n de sarro dental, un endurecimiento provocado por la interacci\u00f3n entre las sales minerales contenidas en la saliva y las bacterias presentes en la boca. Dentro del sarro quedan atrapadas estas bacterias que contin\u00faan reproduci\u00e9ndose.<\/p>\n<p>La acumulaci\u00f3n de bacterias favorece la incorporaci\u00f3n de nuevas, ya sea por consumir alimentos en condiciones poco higi\u00e9nicas como en la calle, utilizar platos o cubiertos mal lavados, recibir un beso, entre otras circunstancias. Estas bacterias reci\u00e9n adquiridas pueden ser a\u00fan m\u00e1s perjudiciales para la salud bucal.<\/p>\n<p>Con el paso de los a\u00f1os, las bacterias presentes en la boca aumentan en n\u00famero y diversidad. Adem\u00e1s, el avance de la placa bacteriana genera inflamaci\u00f3n en las enc\u00edas, causando enrojecimiento y sangrado f\u00e1cil, incluso con una presi\u00f3n m\u00ednima al cepillarse los dientes. Este sangrado facilita el paso de las bacterias al torrente sangu\u00edneo.<\/p>\n<p>Una vez en el sistema circulatorio, estas bacterias pat\u00f3genas liberan toxinas que incluyen biomol\u00e9culas como l\u00edpidos, carbohidratos, prote\u00ednas y \u00e1cidos nucleicos.<\/p>\n<p>El reciente <a href=\"http:\/\/cosmetologiadental.com\/wp-content\/uploads\/2025\/10\/Oral-Bacterial-and-Fungal-Microbiome-and-Subsequent-Risk-for-Pancreatic-Cancer-Gastroenterology-.pdf\"><span style=\"color: #0000ff;\"><strong>art\u00edculo cient\u00edfico<\/strong><\/span><\/a> de septiembre de 2025 establece una conexi\u00f3n entre tres bacterias comunes y el c\u00e1ncer de p\u00e1ncreas.<\/p>\n<p>Entre las bacterias m\u00e1s frecuentes identificadas se incluyen las siguientes, junto con las enfermedades potenciales que podr\u00edan desencadenar.<\/p>\n<p><a href=\"http:\/\/cosmetologiadental.com\/wp-content\/uploads\/2025\/10\/Porphyromonas-gingivalis-un-posible-desencadenante-de-enfermedades-neurodegenerativas.pdf\"><span style=\"color: #3366ff;\"><strong><em>Porphyromonas gingivalis.<\/em><\/strong><\/span><\/a><\/p>\n<p>Es una de las bacterias principales responsables del mal aliento y de la periodontitis, una enfermedad avanzada de las enc\u00edas. Esta bacteria genera factores de virulencia, como proteasas (gingipa\u00ednas) y fimbrias, que le permiten adherirse a los tejidos, invadir c\u00e9lulas, degradar el tejido periodontal y evadir los mecanismos de defensa del hu\u00e9sped, incluyendo el <img loading=\"lazy\" decoding=\"async\" class=\"alignleft size-full wp-image-882\" src=\"http:\/\/cosmetologiadental.com\/wp-content\/uploads\/2025\/10\/Porfiroma-Gingivalis.jpeg\" alt=\"\" width=\"297\" height=\"170\" \/>complemento y la respuesta de los neutr\u00f3filos, lo que contribuye a la persistencia de la infecci\u00f3n.<\/p>\n<p>Su acci\u00f3n puede llevar a una p\u00e9rdida r\u00e1pida de los dientes.<\/p>\n<p>Adem\u00e1s de su impacto en la salud bucal, se ha asociado con diversas enfermedades sist\u00e9micas.<\/p>\n<p>Entre ellas destacan:<\/p>\n<ul>\n<li>Enfermedad de Alzheimer: se ha identificado su presencia en tejidos cerebrales de pacientes con esta condici\u00f3n.<\/li>\n<li>Enfermedades cardiovasculares: est\u00e1 vinculada al aumento del riesgo de ataques card\u00edacos y otros problemas cardiovasculares.<\/li>\n<li>Diabetes: tambi\u00e9n se ha relacionado con esta enfermedad metab\u00f3lica.<\/li>\n<li>C\u00e1ncer de p\u00e1ncreas: investigaciones recientes apuntan a un posible v\u00ednculo con esta forma de c\u00e1ncer.<\/li>\n<\/ul>\n<p><a href=\"http:\/\/cosmetologiadental.com\/wp-content\/uploads\/2025\/10\/Characteristics-and-sites-of-infection-of-Eubacterium-nodatum-Eubacterium-timidum-Eubacterium-brachy-and-other-asaccharolytic-eubacteria.pdf\"><span style=\"color: #3366ff;\"><strong><em>Eubacterium nodatum.<\/em><\/strong><\/span><\/a><\/p>\n<p>Es una bacteria asociada a la enfermedad periodontal cr\u00f3nica.<img loading=\"lazy\" decoding=\"async\" class=\"alignright size-thumbnail wp-image-909\" src=\"http:\/\/cosmetologiadental.com\/wp-content\/uploads\/2025\/10\/Eubacterium-nodatum.--150x150.jpeg\" alt=\"\" width=\"150\" height=\"150\" srcset=\"https:\/\/cosmetologiadental.com\/wp-content\/uploads\/2025\/10\/Eubacterium-nodatum.--150x150.jpeg 150w, https:\/\/cosmetologiadental.com\/wp-content\/uploads\/2025\/10\/Eubacterium-nodatum.--45x45.jpeg 45w, https:\/\/cosmetologiadental.com\/wp-content\/uploads\/2025\/10\/Eubacterium-nodatum.--24x24.jpeg 24w, https:\/\/cosmetologiadental.com\/wp-content\/uploads\/2025\/10\/Eubacterium-nodatum.--48x48.jpeg 48w, https:\/\/cosmetologiadental.com\/wp-content\/uploads\/2025\/10\/Eubacterium-nodatum.--96x96.jpeg 96w, https:\/\/cosmetologiadental.com\/wp-content\/uploads\/2025\/10\/Eubacterium-nodatum.-.jpeg 225w\" sizes=\"(max-width: 150px) 100vw, 150px\" \/><\/p>\n<p>Diversos estudios han se\u00f1alado una relaci\u00f3n entre esta afecci\u00f3n periodontal y la obstrucci\u00f3n arterial en pacientes con s\u00edndrome coronario agudo.<\/p>\n<p>Adem\u00e1s, recientemente se ha vinculado con el c\u00e1ncer de p\u00e1ncreas.<\/p>\n<p><a href=\"http:\/\/cosmetologiadental.com\/wp-content\/uploads\/2025\/10\/Caracteristicas-clinicas-de-la-infeccion-Parvimonas-micra.pdf\"><span style=\"color: #3366ff;\"><strong><em>Parvimonas micra.<\/em><\/strong><\/span><\/a><\/p>\n<p><img loading=\"lazy\" decoding=\"async\" class=\"alignleft size-thumbnail wp-image-910\" src=\"http:\/\/cosmetologiadental.com\/wp-content\/uploads\/2025\/10\/Parvimonas-micra-150x150.jpg\" alt=\"\" width=\"150\" height=\"150\" srcset=\"https:\/\/cosmetologiadental.com\/wp-content\/uploads\/2025\/10\/Parvimonas-micra-150x150.jpg 150w, https:\/\/cosmetologiadental.com\/wp-content\/uploads\/2025\/10\/Parvimonas-micra-45x45.jpg 45w, https:\/\/cosmetologiadental.com\/wp-content\/uploads\/2025\/10\/Parvimonas-micra-24x24.jpg 24w, https:\/\/cosmetologiadental.com\/wp-content\/uploads\/2025\/10\/Parvimonas-micra-48x48.jpg 48w, https:\/\/cosmetologiadental.com\/wp-content\/uploads\/2025\/10\/Parvimonas-micra-96x96.jpg 96w\" sizes=\"(max-width: 150px) 100vw, 150px\" \/>Asociada con posibles infecciones en el torrente sangu\u00edneo.<\/p>\n<p>Recientemente vinculada al c\u00e1ncer de p\u00e1ncreas.<\/p>\n<p>\u00a0<\/p>\n<p>\u00a0<\/p>\n<p><a href=\"http:\/\/cosmetologiadental.com\/wp-content\/uploads\/2025\/10\/Association-between-Candida-species-and-periodontal-disease-A-systematic-review.pdf\"><span style=\"color: #3366ff;\"><strong><em>Candida albicans. <\/em><\/strong><\/span><\/a><\/p>\n<p>Es un hongo que forma parte de la flora bacteriana asociada a la periodontitis cr\u00f3nica. Se ha se\u00f1alado que contribuye al mantenimiento del proceso inflamatorio en las bolsas<img loading=\"lazy\" decoding=\"async\" class=\"alignleft size-medium wp-image-911\" src=\"http:\/\/cosmetologiadental.com\/wp-content\/uploads\/2025\/10\/candida-albicans-300x200.jpg\" alt=\"\" width=\"300\" height=\"200\" srcset=\"https:\/\/cosmetologiadental.com\/wp-content\/uploads\/2025\/10\/candida-albicans-300x200.jpg 300w, https:\/\/cosmetologiadental.com\/wp-content\/uploads\/2025\/10\/candida-albicans-272x182.jpg 272w, https:\/\/cosmetologiadental.com\/wp-content\/uploads\/2025\/10\/candida-albicans.jpg 390w\" sizes=\"(max-width: 300px) 100vw, 300px\" \/> periodontales.<\/p>\n<p>En pacientes con <a href=\"http:\/\/cosmetologiadental.com\/wp-content\/uploads\/2025\/10\/Candida-sp.-Infections-in-Patients-with-Diabetes-Mellitus.pdf\"><strong><span style=\"color: #3366ff;\">diabetes<\/span><\/strong><\/a>, que presentan niveles elevados de glucosa y padecen periodontitis cr\u00f3nica, este hongo complica a\u00fan m\u00e1s su estado de salud. El exceso de glucosa act\u00faa como un nutriente para Candida albicans, favoreciendo su reproducci\u00f3n y generando un c\u00edrculo vicioso en el desarrollo de la enfermedad, con inflamaci\u00f3n severa de las enc\u00edas y niveles elevados de glucosa persistentes.<\/p>\n<p>Adem\u00e1s, en personas diab\u00e9ticas, Candida albicans puede provocar problemas como candidiasis oral, peritonitis, vulvovaginitis, balanitis, abscesos cut\u00e1neos y hongos en las u\u00f1as.<\/p>\n<p><span style=\"color: #3366ff;\"><strong><em><a href=\"http:\/\/cosmetologiadental.com\/wp-content\/uploads\/2025\/10\/Association-between-Candida-species-and-periodontal-disease-A-systematic-review.pdf\">Candida tropicales<\/a>.<\/em><\/strong><\/span><\/p>\n<p>Es un microorganismo que puede estar asociado a la periodontitis cr\u00f3nica. Habitualmente se localiza en la placa subgingival, especialmente en personas con factores de riesgo como la<img loading=\"lazy\" decoding=\"async\" class=\"alignright size-thumbnail wp-image-908\" src=\"http:\/\/cosmetologiadental.com\/wp-content\/uploads\/2025\/10\/Candida-tropicales-150x150.png\" alt=\"\" width=\"150\" height=\"150\" srcset=\"https:\/\/cosmetologiadental.com\/wp-content\/uploads\/2025\/10\/Candida-tropicales-150x150.png 150w, https:\/\/cosmetologiadental.com\/wp-content\/uploads\/2025\/10\/Candida-tropicales-45x45.png 45w, https:\/\/cosmetologiadental.com\/wp-content\/uploads\/2025\/10\/Candida-tropicales-24x24.png 24w, https:\/\/cosmetologiadental.com\/wp-content\/uploads\/2025\/10\/Candida-tropicales-48x48.png 48w, https:\/\/cosmetologiadental.com\/wp-content\/uploads\/2025\/10\/Candida-tropicales-96x96.png 96w, https:\/\/cosmetologiadental.com\/wp-content\/uploads\/2025\/10\/Candida-tropicales-300x300.png 300w\" sizes=\"(max-width: 150px) 100vw, 150px\" \/> diabetes.<\/p>\n<p>Al igual que Candida albicans, tiene la capacidad de provocar las mismas patolog\u00edas, y en pacientes con sistemas inmunol\u00f3gicos comprometidos puede desencadenar candidiasis invasiva e incluso septicemia.<\/p>\n<p><a href=\"http:\/\/cosmetologiadental.com\/wp-content\/uploads\/2017\/03\/Exploration-of-the-association-between-chronic-periodontal-disease-and-erectile-dysfunction-from-a-population-based-view-point-2.pdf\"><span style=\"color: #3366ff;\"><strong><em>Disfunci\u00f3n er\u00e9ctil.<\/em><\/strong><\/span><\/a><\/p>\n<p>Un estudio publicado en 2015 en la revista Androlog\u00eda evalu\u00f3 a 15,000 pacientes con el objetivo de analizar la relaci\u00f3n entre la enfermedad periodontal cr\u00f3nica y la disfunci\u00f3n er\u00e9ctil. Los resultados concluyeron que esta condici\u00f3n bucal desempe\u00f1a un papel relevante en el desarrollo de la disfunci\u00f3n debido al complejo mecanismo del proceso inflamatorio en las enc\u00edas, as\u00ed como a las toxinas que ejercen interacci\u00f3n a nivel local.<\/p>\n<p>Hasta la fecha, este trabajo representa el estudio m\u00e1s amplio realizado con un muestreo de este tipo.<\/p>\n<p><a href=\"http:\/\/cosmetologiadental.com\/wp-content\/uploads\/2025\/10\/Evidencias-cientificas-de-la-relacion-entre-periodontitis-y-enfermedades-cardiovasculares.pdf\"><span style=\"color: #3366ff;\"><strong><em>Las enfermedades cardiovasculares. <\/em><\/strong><\/span><\/a><\/p>\n<p><img loading=\"lazy\" decoding=\"async\" class=\"alignleft size-medium wp-image-914\" src=\"http:\/\/cosmetologiadental.com\/wp-content\/uploads\/2025\/10\/enfermedad-periodontal-y-enfermedades-300x158.jpeg\" alt=\"\" width=\"300\" height=\"158\" srcset=\"https:\/\/cosmetologiadental.com\/wp-content\/uploads\/2025\/10\/enfermedad-periodontal-y-enfermedades-300x158.jpeg 300w, https:\/\/cosmetologiadental.com\/wp-content\/uploads\/2025\/10\/enfermedad-periodontal-y-enfermedades.jpeg 309w\" sizes=\"(max-width: 300px) 100vw, 300px\" \/>Est\u00e1n estrechamente relacionadas con la salud bucal, particularmente con la enfermedad periodontal cr\u00f3nica, que introduce alrededor de 30 tipos de bacterias diferentes en la sangre durante episodios de bacteremia.<\/p>\n<p>Entre estas bacterias, destaca el:<\/p>\n<p><strong>Streptococcus viridans,<\/strong> el cual se asocia con afecciones como fiebre reum\u00e1tica, valvulopat\u00edas y endocarditis.<\/p>\n<p><strong>Streptococcus sanguis,<\/strong> al entrar en el torrente sangu\u00edneo, act\u00faa como un potente agente trombog\u00e9nico debido a su capacidad para inducir la adhesi\u00f3n y agregaci\u00f3n de plaquetas, lo que puede favorecer la formaci\u00f3n de co\u00e1gulos.<\/p>\n<p><strong>Porphyromonas gingivalis,<\/strong> un periodontopat\u00f3geno anaerobio gramnegativo, tiene fimbrias en su superficie que le permiten adherirse e invadir c\u00e9lulas epiteliales y endoteliales del sistema cardiovascular. Este microorganismo se multiplica dentro de estas c\u00e9lulas, evade la respuesta inmune y altera su funcionamiento normal, representando un riesgo significativo para la salud cardiovascular.<\/p>\n<p>Un estudio realizado con 9760 individuos de entre 25 y 74 a\u00f1os, evaluando diversos factores relacionados con la enfermedad coronaria, mostr\u00f3 resultados reveladores tras 14 a\u00f1os de seguimiento. Se encontr\u00f3 que la enfermedad periodontal incrementa en un 25% el riesgo de desarrollar afecciones cardiovasculares. Este riesgo es a\u00fan m\u00e1s alto en personas menores de 50 a\u00f1os con enfermedad periodontal y se agrava notablemente cuando hay p\u00e9rdida de piezas dentales asociada a la enfermedad periodontal.<\/p>\n<p><strong><span style=\"color: #0000ff;\">La prevenci\u00f3n<\/span><\/strong> de la enfermedad periodontal, en cualquiera de sus etapas, comienza con el cepillado dental tres veces al d\u00eda o despu\u00e9s de cada comida. Asimismo, es fundamental realizar una limpieza dental cada seis meses para eliminar la placa bacteriana, las manchas en los dientes y el sarro, los cuales son responsables de la enfermedad periodontal.<\/p>\n\n\n<p><\/p>\n","protected":false},"excerpt":{"rendered":"<p>\u00bfQue enfermedades me pueden ocasionar las bacterias de la boca? En la boca existe una gran variedad de bacterias que pueden oscilar entre 300 y 800 tipos diferentes. Este amplio rango de microorganismos est\u00e1 relacionado con la acumulaci\u00f3n de residuos alimenticios, especialmente debido a una higiene dental deficiente, como el no cepillar los dientes tres <a class=\"read-more\" href=\"https:\/\/cosmetologiadental.com\/index.php\/noticias-dentales\/\">Read More<\/a><\/p>\n","protected":false},"author":1,"featured_media":748,"parent":0,"menu_order":0,"comment_status":"closed","ping_status":"closed","template":"","meta":{"footnotes":""},"class_list":["post-19","page","type-page","status-publish","has-post-thumbnail","hentry"],"_links":{"self":[{"href":"https:\/\/cosmetologiadental.com\/index.php\/wp-json\/wp\/v2\/pages\/19"}],"collection":[{"href":"https:\/\/cosmetologiadental.com\/index.php\/wp-json\/wp\/v2\/pages"}],"about":[{"href":"https:\/\/cosmetologiadental.com\/index.php\/wp-json\/wp\/v2\/types\/page"}],"author":[{"embeddable":true,"href":"https:\/\/cosmetologiadental.com\/index.php\/wp-json\/wp\/v2\/users\/1"}],"replies":[{"embeddable":true,"href":"https:\/\/cosmetologiadental.com\/index.php\/wp-json\/wp\/v2\/comments?post=19"}],"version-history":[{"count":85,"href":"https:\/\/cosmetologiadental.com\/index.php\/wp-json\/wp\/v2\/pages\/19\/revisions"}],"predecessor-version":[{"id":916,"href":"https:\/\/cosmetologiadental.com\/index.php\/wp-json\/wp\/v2\/pages\/19\/revisions\/916"}],"wp:featuredmedia":[{"embeddable":true,"href":"https:\/\/cosmetologiadental.com\/index.php\/wp-json\/wp\/v2\/media\/748"}],"wp:attachment":[{"href":"https:\/\/cosmetologiadental.com\/index.php\/wp-json\/wp\/v2\/media?parent=19"}],"curies":[{"name":"wp","href":"https:\/\/api.w.org\/{rel}","templated":true}]}}