{"id":2,"date":"2025-02-09T16:22:33","date_gmt":"2025-02-09T22:22:33","guid":{"rendered":"http:\/\/cosmetologiadental.com\/?page_id=2"},"modified":"2025-02-09T16:22:33","modified_gmt":"2025-02-09T22:22:33","slug":"pagina-ejemplo","status":"publish","type":"page","link":"https:\/\/cosmetologiadental.com\/index.php\/pagina-ejemplo\/","title":{"rendered":"Servicios"},"content":{"rendered":"<p><span style=\"color: #808080;\">Nuestros tratamientos: \u201cEn el consultorio realizamos todas las t\u00e9cnica de cosm\u00e9tica dental, cosmetolog\u00eda dental u odontolog\u00eda est\u00e9tica, como son: coronas de porcelana, coronas de porcelana sin metal, coronas de zirconio o coronas en al\u00famina.<\/span><br \/>\n<span style=\"color: #808080;\"> \u2022Puentes fijos sin metal, pr\u00f3tesis fija sin metal, pr\u00f3tesis fija de porcelana sin metal.<\/span><br \/>\n<span style=\"color: #808080;\"> \u2022Carillas de porcelana, carillas en pol\u00edmero, carillas en cer\u00f3mero.<\/span><br \/>\n<span style=\"color: #808080;\"> \u2022Dise\u00f1o de la sonrisa con t\u00e9cnicas digitales, encerado diagn\u00f3stico, t\u00e9cnica de<\/span><br \/>\n<span style=\"color: #808080;\"> Mock up.<\/span><br \/>\n<span style=\"color: #808080;\"> \u2022Blanqueamiento dental en 1 cita, con resultados sorprendentes. Con la t\u00e9cnica<\/span><br \/>\n<span style=\"color: #808080;\"> original.<\/span><br \/>\n<span style=\"color: #808080;\"> \u2022Implantes dentales, para reponer un diente o todos los dientes con coronas de<\/span><br \/>\n<span style=\"color: #808080;\"> porcelana sin metal.<\/span><br \/>\n<span style=\"color: #808080;\"> \u2022Dentaduras soportadas sobre implantes para que no se salgan o caigan.<\/span><br \/>\n<span style=\"color: #808080;\"> \u2022Puentes movibles o puentes de quitar y poner pero sin ganchos.<\/span><\/p>\n<p><span style=\"color: #808080;\">Estas t\u00e9cnicas las podemos realizar en 16 porcelanas diferentes, con diferentes<\/span><br \/>\n<span style=\"color: #808080;\"> tecnolog\u00edas como: torno computarizado o CAD CAM, Monol\u00edtico, prensado, condensable,<\/span><br \/>\n<span style=\"color: #808080;\"> etc., de acuerdo a las circunstancias de cada paciente, refracci\u00f3n, translucidez,<\/span><br \/>\n<span style=\"color: #808080;\"> fluorescencia, estratificaci\u00f3n de color, resistencia para coronas individual o puente fijo.<\/span><\/p>\n<p><span style=\"color: #808080;\">Conocemos y dominamos todas las tecnolog\u00edas para realizar cosm\u00e9tica dental,<\/span><br \/>\n<span style=\"color: #808080;\"> odontolog\u00eda est\u00e9tica o cosmetolog\u00eda dental.<\/span><\/p>\n<p><span style=\"color: #808080;\">Cuando entregamos o terminamos un trabajo como: una corona de porcelana, carillas, etc.<\/span><br \/>\n<span style=\"color: #808080;\"><strong> NO AJUSTAMOS CON EL TALADRO NADA<\/strong>. Es decir, como lo tomamos del molde de yeso,<\/span><br \/>\n<span style=\"color: #808080;\"> lo colocamos en la boca y todo queda bien, color, mordida, se observa bonito, natural, no<\/span><br \/>\n<span style=\"color: #808080;\"> se nota postizo. NO se despegan los trabajos.\u201d<\/span><\/p>\n","protected":false},"excerpt":{"rendered":"<p>Nuestros tratamientos: \u201cEn el consultorio realizamos todas las t\u00e9cnica de cosm\u00e9tica dental, cosmetolog\u00eda dental u odontolog\u00eda est\u00e9tica, como son: coronas de porcelana, coronas de porcelana sin metal, coronas de zirconio o coronas en al\u00famina. \u2022Puentes fijos sin metal, pr\u00f3tesis fija sin metal, pr\u00f3tesis fija de porcelana sin metal. \u2022Carillas de porcelana, carillas en pol\u00edmero, carillas <a class=\"read-more\" href=\"https:\/\/cosmetologiadental.com\/index.php\/pagina-ejemplo\/\">Read More<\/a><\/p>\n","protected":false},"author":1,"featured_media":0,"parent":0,"menu_order":3,"comment_status":"closed","ping_status":"open","template":"","meta":{"footnotes":""},"class_list":["post-2","page","type-page","status-publish","hentry"],"_links":{"self":[{"href":"https:\/\/cosmetologiadental.com\/index.php\/wp-json\/wp\/v2\/pages\/2"}],"collection":[{"href":"https:\/\/cosmetologiadental.com\/index.php\/wp-json\/wp\/v2\/pages"}],"about":[{"href":"https:\/\/cosmetologiadental.com\/index.php\/wp-json\/wp\/v2\/types\/page"}],"author":[{"embeddable":true,"href":"https:\/\/cosmetologiadental.com\/index.php\/wp-json\/wp\/v2\/users\/1"}],"replies":[{"embeddable":true,"href":"https:\/\/cosmetologiadental.com\/index.php\/wp-json\/wp\/v2\/comments?post=2"}],"version-history":[{"count":5,"href":"https:\/\/cosmetologiadental.com\/index.php\/wp-json\/wp\/v2\/pages\/2\/revisions"}],"predecessor-version":[{"id":202,"href":"https:\/\/cosmetologiadental.com\/index.php\/wp-json\/wp\/v2\/pages\/2\/revisions\/202"}],"wp:attachment":[{"href":"https:\/\/cosmetologiadental.com\/index.php\/wp-json\/wp\/v2\/media?parent=2"}],"curies":[{"name":"wp","href":"https:\/\/api.w.org\/{rel}","templated":true}]}}