{"id":272,"date":"2025-02-09T16:18:34","date_gmt":"2025-02-09T22:18:34","guid":{"rendered":"http:\/\/cosmetologiadental.com\/?page_id=272"},"modified":"2025-02-09T16:18:35","modified_gmt":"2025-02-09T22:18:35","slug":"dr-bruno-carmona-rodriguez","status":"publish","type":"page","link":"https:\/\/cosmetologiadental.com\/index.php\/dr-bruno-carmona-rodriguez\/","title":{"rendered":"Dr.Bruno Carmona Rodr\u00edguez"},"content":{"rendered":"<div id=\"contenido\">\n<h2><\/h2>\n<h2>Formaci\u00f3n Acad\u00e9mica<\/h2>\n<p><strong>[2003-2007]<img loading=\"lazy\" decoding=\"async\" class=\"alignright  wp-image-410\" src=\"http:\/\/cosmetologiadental.com\/wp-content\/uploads\/2017\/04\/Bruno-Carmona.jpg\" alt=\"bruno-carmona\" width=\"241\" height=\"321\" srcset=\"https:\/\/cosmetologiadental.com\/wp-content\/uploads\/2017\/04\/Bruno-Carmona.jpg 2304w, https:\/\/cosmetologiadental.com\/wp-content\/uploads\/2017\/04\/Bruno-Carmona-225x300.jpg 225w, https:\/\/cosmetologiadental.com\/wp-content\/uploads\/2017\/04\/Bruno-Carmona-768x1024.jpg 768w\" sizes=\"(max-width: 241px) 100vw, 241px\" \/><\/strong><\/p>\n<p>UNAM, DEPeI, Facultad de Odontolog\u00eda. Ciudad Universitaria. M\u00e9xico, D.F.<\/p>\n<p>Grado Obtenido: Doctorado en Ciencias (Biolog\u00eda Bucal) Menci\u00f3n Honor\u00edfica.<\/p>\n<p><strong>[1999-2001] <\/strong><\/p>\n<p>UNITEC, Facultad de Odontolog\u00eda. Posgrado de Endodoncia Campus Marina. M\u00e9xico, D.F.<br \/>\nGrado Obtenido: 100% de Cr\u00e9ditos<\/p>\n<p><strong>[1993 -1997] <\/strong><\/p>\n<p>UNITEC, Facultad de Odontolog\u00eda. Campus Marina,<br \/>\nM\u00e9xico, D.F.<br \/>\nGrado Obtenido: T\u00edtulo de Cirujano Dentista (Licenciatura).<\/p>\n<p><strong>[1989 ] <\/strong><\/p>\n<p>Teacher&#8217;s Diploma. Instituto Angloamericano de Idiomas. M\u00e9xico, D.F.<br \/>\nGrado Obtenido: Diploma.<\/p>\n<h2>Publicaciones<\/h2>\n<p>Molecular cloning, expression and immunolocalization of a novel human cementum-derived protein (CP-23). Marco Antonio Alvarez-P\u00e9rez, Sampath Narayanan, Margarita Zeichner-David, Bruno Carmona Rodr\u00edguez, Higinio Arzate. Bone 38 (2006):409-419.<\/p>\n<p>Human Cementum Protein 1 induces expression of bone and cementum proteins by human gingival fibroblasts. Bruno Carmona Rodr\u00cdguez, Marco Antonio \u00c1lvarez-P\u00e9rez, A. Sampath Narayanan, Margarita Zeichner David, Jos\u00e9 Reyes Gasga, Juan Molina Guarneros, Ana Lilia Garc\u00eda Hern\u00e1ndez, Jos\u00e9 Luis Su\u00e1rez Franco, Ivet Gil Chavarr\u00eda, Eduardo Villarreal Ram\u00edrez, Higinio Arzate. Biochemical and Biophysical Research Communications. 358 (2007):763-769<\/p>\n<h2>Premios, Distinciones y Becas<\/h2>\n<p><strong>2009<\/strong><\/p>\n<p>Ganador de la medalla al m\u00e9rito Alfonso Caso 2007<\/p>\n<p><strong>2007 <\/strong><\/p>\n<p>Propuesto para recibir la medalla al m\u00e9rito Alfonso Caso 2007 a los graduados m\u00e1s distinguidos en los estudios de maestr\u00eda y doctorado.<br \/>\n<strong>2007 <\/strong><\/p>\n<p>Menci\u00f3n Honor\u00edfica en el Doctorado en Ciencias<br \/>\nBecario de CONACyT durante el Doctorado en Ciencias.<\/p>\n<p><strong>2006 <\/strong><\/p>\n<p>2\u00b0 lugar XVII Premio Nacional de Investigaci\u00f3n 2006 Fundaci\u00f3n Glaxo-Smith-Kline.<br \/>\n<strong>2006 <\/strong><\/p>\n<p>Consejero Acad\u00e9mico (Alumno) Propietario del PMDCMOS UNAM.<\/p>\n<h2>Cursos y Congresos<\/h2>\n<p><strong>[Abril 1990] <\/strong><\/p>\n<p>Seminario de &#8220;Taller de Microense\u00f1anza&#8221; impartido por El Instituto de Investigaci\u00f3n para el Desarrollo de la Educaci\u00f3n, A.C.<\/p>\n<p><strong>[Abril 1994] <\/strong><\/p>\n<p>Curso de Estomatolog\u00eda Perinatal. Impartido en la Und\u00e9cima Reuni\u00f3n Anual del Instituto Nacional de Perinatolog\u00eda.<\/p>\n<p><strong>[Junio 1994] <\/strong><\/p>\n<p>Primer Foro Odontol\u00f3gico.<\/p>\n<p><strong>[Septiembre 1995]<\/strong><\/p>\n<p>Evento &#8220;Excelencia Odontol\u00f3gica&#8221; XXV aniversario de la Facultad de Odontolog\u00eda UNITEC.<\/p>\n<p><strong>[Junio 2000] <\/strong><\/p>\n<p>III Congreso Internacional de Actualizaci\u00f3n Odontol\u00f3gica.<\/p>\n<p><strong>[Julio 2000] <\/strong><\/p>\n<p>Curso te\u00f3rico-pr\u00e1ctico con instrumentos rotatorios (lightspeed) impartido por el Dr. Steve Senia.<\/p>\n<p><strong>[Marzo 2001] <\/strong><\/p>\n<p>Curso te\u00f3rico-pr\u00e1ctico con instrumentos rotatorios impartido por el Dr. Dan Fisher. Bonn, Alemania.<\/p>\n<p><strong>[Noviembre 2001] <\/strong><\/p>\n<p>Ponente durante el XXVI Congreso Nacional e Internacional de la ADM con la Conferencia &#8220;Localizadores Apicales: Aplicaciones Cl\u00ednicas&#8221;.<\/p>\n<p><strong>[Agosto-Noviembre 2002] <\/strong><\/p>\n<p>Diplomado en Ciencias Odontol\u00f3gicas con duraci\u00f3n de 398 horas totales y un valor de 54 cr\u00e9ditos.<\/p>\n<p><strong>[Julio 2003] <\/strong><\/p>\n<p>Ponente durante la s\u00e9ptima sesi\u00f3n mensual de la &#8220;Asociaci\u00f3n Nacional de M\u00e9dicos Generales y Familiares A.C.&#8221; con la conferencia &#8220;Endodoncia, Dolor y Cuidados Paliativos&#8221;<\/p>\n<p><strong>[Junio 2004] <\/strong><\/p>\n<p>Ponente en el XVI Congreso Nacional e Internacional de Posgrado e Investigaci\u00f3n en Odontolog\u00eda con el tema: &#8220;Aislamiento, expresi\u00f3n y caracterizaci\u00f3n de una prote\u00edna aislada de un cultivo de cementoblastoma humano: Resultados preliminares.&#8221;<\/p>\n<p><strong>[Junio 2005] <\/strong><\/p>\n<p>Ponente en el XVII Congreso Nacional e Internacional de Posgrado e Investigaci\u00f3n en Odontolog\u00eda con el tema: &#8220;Caracterizaci\u00f3n y Actividad Biol\u00f3gica in vitro de una Prote\u00edna Recombinante derivada del Cemento Radicular Humano (hrCP-23)&#8221;<\/p>\n<p><strong>[Junio 2006] <\/strong><\/p>\n<p>Participaci\u00f3n Acad\u00e9mica en la Reuni\u00f3n Anual de la Divisi\u00f3n Mexicana de la International Association for Dental Research.<\/p>\n<p><strong>[Agosto 2006] <\/strong><\/p>\n<p>Asistencia a la 2\u00aa Escuela de Microscop\u00eda y escuela Virtual de Microscop\u00eda.<\/p>\n<p><strong>[Octubre 2006]<\/strong><\/p>\n<p>Participaci\u00f3n acad\u00e9mica en el XIV Encuentro Nacional y V Iberoamericano de Investigaci\u00f3n en Odontolog\u00eda.<\/p>\n<p><strong>[Junio 2007] <\/strong><\/p>\n<p>Asistencia a la Reuni\u00f3n Anual de la Divisi\u00f3n Mexicana de la International Association for Dental Research.<\/p>\n<p><strong>[Junio 2007] <\/strong><\/p>\n<p>Participaci\u00f3n acad\u00e9mica en la: Reuni\u00f3n Anual de la Divisi\u00f3n Mexicana de la International Association for Dental Research.<\/p>\n<\/div>\n<div id=\"footer\">\n<div id=\"social\"><\/div>\n<\/div>\n","protected":false},"excerpt":{"rendered":"<p>Formaci\u00f3n Acad\u00e9mica [2003-2007] UNAM, DEPeI, Facultad de Odontolog\u00eda. Ciudad Universitaria. M\u00e9xico, D.F. Grado Obtenido: Doctorado en Ciencias (Biolog\u00eda Bucal) Menci\u00f3n Honor\u00edfica. [1999-2001] UNITEC, Facultad de Odontolog\u00eda. Posgrado de Endodoncia Campus Marina. M\u00e9xico, D.F. Grado Obtenido: 100% de Cr\u00e9ditos [1993 -1997] UNITEC, Facultad de Odontolog\u00eda. Campus Marina, M\u00e9xico, D.F. Grado Obtenido: T\u00edtulo de Cirujano Dentista (Licenciatura). <a class=\"read-more\" href=\"https:\/\/cosmetologiadental.com\/index.php\/dr-bruno-carmona-rodriguez\/\">Read More<\/a><\/p>\n","protected":false},"author":1,"featured_media":0,"parent":0,"menu_order":0,"comment_status":"closed","ping_status":"closed","template":"","meta":{"footnotes":""},"class_list":["post-272","page","type-page","status-publish","hentry"],"_links":{"self":[{"href":"https:\/\/cosmetologiadental.com\/index.php\/wp-json\/wp\/v2\/pages\/272"}],"collection":[{"href":"https:\/\/cosmetologiadental.com\/index.php\/wp-json\/wp\/v2\/pages"}],"about":[{"href":"https:\/\/cosmetologiadental.com\/index.php\/wp-json\/wp\/v2\/types\/page"}],"author":[{"embeddable":true,"href":"https:\/\/cosmetologiadental.com\/index.php\/wp-json\/wp\/v2\/users\/1"}],"replies":[{"embeddable":true,"href":"https:\/\/cosmetologiadental.com\/index.php\/wp-json\/wp\/v2\/comments?post=272"}],"version-history":[{"count":3,"href":"https:\/\/cosmetologiadental.com\/index.php\/wp-json\/wp\/v2\/pages\/272\/revisions"}],"predecessor-version":[{"id":412,"href":"https:\/\/cosmetologiadental.com\/index.php\/wp-json\/wp\/v2\/pages\/272\/revisions\/412"}],"wp:attachment":[{"href":"https:\/\/cosmetologiadental.com\/index.php\/wp-json\/wp\/v2\/media?parent=272"}],"curies":[{"name":"wp","href":"https:\/\/api.w.org\/{rel}","templated":true}]}}