{"id":364,"date":"2025-02-09T16:17:01","date_gmt":"2025-02-09T22:17:01","guid":{"rendered":"http:\/\/cosmetologiadental.com\/?page_id=364"},"modified":"2025-02-09T16:17:02","modified_gmt":"2025-02-09T22:17:02","slug":"dr-fidel-saldana","status":"publish","type":"page","link":"https:\/\/cosmetologiadental.com\/index.php\/dr-fidel-saldana\/","title":{"rendered":"Dr. Fidel Salda\u00f1a Acosta"},"content":{"rendered":"<div class=\"entry-content\">\n<p>El Dr. Fidel Salda\u00f1a A. es pionero en M\u00e9xico en Cosm\u00e9tica dental, Odontolog\u00eda Est\u00e9tica o Cosmetolog\u00eda Dental.<img loading=\"lazy\" decoding=\"async\" class=\"alignright size-medium wp-image-673\" src=\"http:\/\/cosmetologiadental.com\/wp-content\/uploads\/2025\/01\/FSA5-201x300.jpg\" alt=\"Cirujano Dentista\" width=\"201\" height=\"300\" \/><\/p>\n<p>Esto es una peque\u00f1a parte de los cursos que ha impartido<\/p>\n<p>Curso impartido a trav\u00e9s de internet para Inteligencia Dental<\/p>\n<p>Preparaci\u00f3n de carillas<\/p>\n<p><a href=\"http:\/\/www.youtube.com\/watch?v=Rp0YA0aS4l8&amp;feature=youtu.be\" target=\"_blank\" rel=\"noopener\">http:\/\/www.youtube.com\/watch?v=Rp0YA0aS4l8&amp;feature=youtu.be <\/a><\/p>\n<p>Curso impartido a trav\u00e9s de internet para Inteligencia Dental<\/p>\n<p>T\u00e9cnicas de Cementaci\u00f3n<\/p>\n<p><a href=\"http:\/\/www.youtube.com\/watch?v=Ax_vfzpgdzU&amp;feature=youtu.be\" target=\"_blank\" rel=\"noopener\">http:\/\/www.youtube.com\/watch?v=Ax_vfzpgdzU&amp;feature=youtu.be<\/a><\/p>\n<p>Curso te\u00f3rico pr\u00e1ctico organizado por inteligencia Dental, Lab Ceram, COA Internacional y Centro de Perfeccionamiento Odontol\u00f3gico.<\/p>\n<p>Impartiendo el curso de:\u00a0 Taller de carillas y mock up.<\/p>\n<p><a href=\"http:\/\/www.youtube.com\/watch?v=FcgnOvCSqaw\" target=\"_blank\" rel=\"noopener\">http:\/\/www.youtube.com\/watch?v=FcgnOvCSqaw <\/a><\/p>\n<p>Caso cl\u00ednico de coronas de porcelana libres de metal y blanqueamiento<\/p>\n<p>Es un caso cl\u00ednico propio, breve pero puede ver como se desarrollo.<\/p>\n<p><a href=\"http:\/\/www.youtube.com\/watch?v=lant2Rym0wc\" target=\"_blank\" rel=\"noopener\">http:\/\/www.youtube.com\/watch?v=lant2Rym0wc<\/a><\/p>\n<p><img loading=\"lazy\" decoding=\"async\" class=\"wp-image-405 alignleft\" src=\"http:\/\/cosmetologiadental.com\/wp-content\/uploads\/2017\/04\/ADDF-PLATICA.jpg\" alt=\"addf-platica\" width=\"186\" height=\"139\" srcset=\"https:\/\/cosmetologiadental.com\/wp-content\/uploads\/2017\/04\/ADDF-PLATICA.jpg 624w, https:\/\/cosmetologiadental.com\/wp-content\/uploads\/2017\/04\/ADDF-PLATICA-300x225.jpg 300w\" sizes=\"(max-width: 186px) 100vw, 186px\" \/>Impartiendo pl\u00e1tica para la Asociaci\u00f3n Dental del Distrito Federal en el WTC del D.F.Impartiendo alg\u00fan curso pr\u00e1ctico en una de tantas universidades donde ha sido invitado a participar con temas de odontolog\u00eda est\u00e9tica.<\/p>\n<p>En el link de Wikipedia le muestran trabajando en paciente impartiendo un curso pr\u00e1ctico.<\/p>\n<p><a href=\"http:\/\/es.wikipedia.org\/wiki\/Odontolog%C3%ADa_est%C3%A9tica\">http:\/\/es.wikipedia.org\/wiki\/Odontolog%C3%ADa_est\u00e9tica<\/a><\/p>\n<p>Cuando usted acude con nosotros puede tener la seguridad de acudir con alguien que tiene amplia experiencia en la materia y adem\u00e1s de que diferentes empresas dentales lo llaman como asesor para dar capacitaci\u00f3n constante a m\u00e1s odont\u00f3logos.<\/p>\n<\/div>\n","protected":false},"excerpt":{"rendered":"<p>El Dr. Fidel Salda\u00f1a A. es pionero en M\u00e9xico en Cosm\u00e9tica dental, Odontolog\u00eda Est\u00e9tica o Cosmetolog\u00eda Dental. Esto es una peque\u00f1a parte de los cursos que ha impartido Curso impartido a trav\u00e9s de internet para Inteligencia Dental Preparaci\u00f3n de carillas http:\/\/www.youtube.com\/watch?v=Rp0YA0aS4l8&amp;feature=youtu.be Curso impartido a trav\u00e9s de internet para Inteligencia Dental T\u00e9cnicas de Cementaci\u00f3n http:\/\/www.youtube.com\/watch?v=Ax_vfzpgdzU&amp;feature=youtu.be Curso <a class=\"read-more\" href=\"https:\/\/cosmetologiadental.com\/index.php\/dr-fidel-saldana\/\">Read More<\/a><\/p>\n","protected":false},"author":1,"featured_media":0,"parent":0,"menu_order":0,"comment_status":"closed","ping_status":"closed","template":"","meta":{"footnotes":""},"class_list":["post-364","page","type-page","status-publish","hentry"],"_links":{"self":[{"href":"https:\/\/cosmetologiadental.com\/index.php\/wp-json\/wp\/v2\/pages\/364"}],"collection":[{"href":"https:\/\/cosmetologiadental.com\/index.php\/wp-json\/wp\/v2\/pages"}],"about":[{"href":"https:\/\/cosmetologiadental.com\/index.php\/wp-json\/wp\/v2\/types\/page"}],"author":[{"embeddable":true,"href":"https:\/\/cosmetologiadental.com\/index.php\/wp-json\/wp\/v2\/users\/1"}],"replies":[{"embeddable":true,"href":"https:\/\/cosmetologiadental.com\/index.php\/wp-json\/wp\/v2\/comments?post=364"}],"version-history":[{"count":7,"href":"https:\/\/cosmetologiadental.com\/index.php\/wp-json\/wp\/v2\/pages\/364\/revisions"}],"predecessor-version":[{"id":675,"href":"https:\/\/cosmetologiadental.com\/index.php\/wp-json\/wp\/v2\/pages\/364\/revisions\/675"}],"wp:attachment":[{"href":"https:\/\/cosmetologiadental.com\/index.php\/wp-json\/wp\/v2\/media?parent=364"}],"curies":[{"name":"wp","href":"https:\/\/api.w.org\/{rel}","templated":true}]}}