{"id":492,"date":"2024-11-09T21:22:56","date_gmt":"2024-11-10T03:22:56","guid":{"rendered":"https:\/\/cosmetologiadental.com\/?page_id=492"},"modified":"2024-11-24T17:08:40","modified_gmt":"2024-11-24T23:08:40","slug":"dr-alejandro-galvan","status":"publish","type":"page","link":"https:\/\/cosmetologiadental.com\/index.php\/dr-alejandro-galvan\/","title":{"rendered":"Dr. Alejandro Galv\u00e1n Gonz\u00e1lez"},"content":{"rendered":"<div class=\"wp-block-image\">\n<figure class=\"alignright size-large is-resized\"><img loading=\"lazy\" decoding=\"async\" width=\"1002\" height=\"1024\" src=\"https:\/\/cosmetologiadental.com\/wp-content\/uploads\/2024\/11\/Foto-1-1002x1024.jpg\" alt=\"\" class=\"wp-image-499\" style=\"width:241px;height:auto\" srcset=\"https:\/\/cosmetologiadental.com\/wp-content\/uploads\/2024\/11\/Foto-1-1002x1024.jpg 1002w, https:\/\/cosmetologiadental.com\/wp-content\/uploads\/2024\/11\/Foto-1-294x300.jpg 294w, https:\/\/cosmetologiadental.com\/wp-content\/uploads\/2024\/11\/Foto-1-768x785.jpg 768w, https:\/\/cosmetologiadental.com\/wp-content\/uploads\/2024\/11\/Foto-1.jpg 1248w\" sizes=\"(max-width: 1002px) 100vw, 1002px\" \/><\/figure><\/div>\n\n\n<p><br><strong>Licenciatura<\/strong><br>Universidad Aut\u00f3noma Metropolitana Campus Xochimilco<br>Calzada del Hueso 1100 Col. Villa Quietud, Coyoac\u00e1n CP 04960<br>Licenciatura: Licenciado en Estomatolog\u00eda<br>Periodo de estudios: 1999-2003<br>Numero de Cedula: 4660435<\/p>\n\n\n\n<p><br><strong>Postgrado<\/strong><br>Especialidad en Cirug\u00eda Oral y Maxilofacial<br>Universidad Nacional Aut\u00f3noma de M\u00e9xico<br>Instituto de Seguridad y Servicios Sociales de los Trabajadores del Estado<br>Hospital Regional 1o de Octubre del ISSSTE<br>Direcci\u00f3n: Av. Instituto Polit\u00e9cnico Nacional 1669 Col. Magdalena de las Salinas Delegaci\u00f3n Gustavo A. Madero D.F.<br>Periodo: 2006-2010<br>Cedula Profesional: 6595436<br>Certificado por el Consejo Mexicano de Cirug\u00eda Oral y Maxilofacial<\/p>\n\n\n\n<p><br>Conferencista con temas selectos en Cirug\u00eda Oral y Maxilofacial<br>Congreso de Nacional e Internacional de Cirug\u00eda Maxilofacial<br>Congreso de la ALACIBU<br>Congreso de postgrado de Odontolog\u00eda UNAM<br>Curso Introductorio de Cirug\u00eda Oral y Maxilofacial<br>Curso Internacional de la Asociaci\u00f3n Mexicana Interhospitalaria de Cirug\u00eda Maxilofacial A.C.<br>Congreso del Colegio Mexicano de Cirujanos Dentistas A.C.<br>Seminario Internacional de la AMCBM Colegio A.C.<br>Congreso Nacional e Internacional de Cirugia Maxilofacial AMCBM colegio<br>Colegio Nacional de Cirujanos Dentistas A.C. Secci\u00f3n Culiac\u00e1n.<br>Diplomado de Cirug\u00eda Bucal Colegio Nacional de Cirujanos Dentistas A.C. secci\u00f3n Puebla, Puebla.<br>Congreso Regional de Especialidades Odontol\u00f3gicas Colegio Nacional de Cirujanos Dentistas de Salina Cruz Oax. A.C.<br>Seminario Nacional e Internacional AMCBM colegio Villahermosa, tabasco<br>Academia Poblana de Estomatologia Filial del Colegio Nacional de Cirujanos Dentistas A.C.<br>Congreso de Especialidades Estomatologicas CESES<br>Ha realizado 4 publicaciones en la Revista de la AMCBMC<\/p>\n","protected":false},"excerpt":{"rendered":"<p>LicenciaturaUniversidad Aut\u00f3noma Metropolitana Campus XochimilcoCalzada del Hueso 1100 Col. Villa Quietud, Coyoac\u00e1n CP 04960Licenciatura: Licenciado en Estomatolog\u00edaPeriodo de estudios: 1999-2003Numero de Cedula: 4660435 PostgradoEspecialidad en Cirug\u00eda Oral y MaxilofacialUniversidad Nacional Aut\u00f3noma de M\u00e9xicoInstituto de Seguridad y Servicios Sociales de los Trabajadores del EstadoHospital Regional 1o de Octubre del ISSSTEDirecci\u00f3n: Av. Instituto Polit\u00e9cnico Nacional 1669 Col. <a class=\"read-more\" href=\"https:\/\/cosmetologiadental.com\/index.php\/dr-alejandro-galvan\/\">Read More<\/a><\/p>\n","protected":false},"author":1,"featured_media":0,"parent":0,"menu_order":0,"comment_status":"closed","ping_status":"closed","template":"","meta":{"footnotes":""},"class_list":["post-492","page","type-page","status-publish","hentry"],"_links":{"self":[{"href":"https:\/\/cosmetologiadental.com\/index.php\/wp-json\/wp\/v2\/pages\/492"}],"collection":[{"href":"https:\/\/cosmetologiadental.com\/index.php\/wp-json\/wp\/v2\/pages"}],"about":[{"href":"https:\/\/cosmetologiadental.com\/index.php\/wp-json\/wp\/v2\/types\/page"}],"author":[{"embeddable":true,"href":"https:\/\/cosmetologiadental.com\/index.php\/wp-json\/wp\/v2\/users\/1"}],"replies":[{"embeddable":true,"href":"https:\/\/cosmetologiadental.com\/index.php\/wp-json\/wp\/v2\/comments?post=492"}],"version-history":[{"count":3,"href":"https:\/\/cosmetologiadental.com\/index.php\/wp-json\/wp\/v2\/pages\/492\/revisions"}],"predecessor-version":[{"id":500,"href":"https:\/\/cosmetologiadental.com\/index.php\/wp-json\/wp\/v2\/pages\/492\/revisions\/500"}],"wp:attachment":[{"href":"https:\/\/cosmetologiadental.com\/index.php\/wp-json\/wp\/v2\/media?parent=492"}],"curies":[{"name":"wp","href":"https:\/\/api.w.org\/{rel}","templated":true}]}}